{"id":189,"date":"2015-10-15T18:26:41","date_gmt":"2015-10-15T16:26:41","guid":{"rendered":"https:\/\/www.casavinicolaferrero.com\/our-values\/?lang=it"},"modified":"2018-10-13T15:47:10","modified_gmt":"2018-10-13T13:47:10","slug":"our-values","status":"publish","type":"page","link":"https:\/\/www.casavinicolaferrero.com\/it\/chi-siamo\/our-values\/","title":{"rendered":"I Nostri valori"},"content":{"rendered":"<p>[vc_row][vc_column][vc_column_text]<\/p>\n<p style=\"text-align: justify;\">Quando hai il privilegio di vivere in un territorio meraviglioso, e di assapornarne i suoi frutti, rivive qualcosa di ancestrale in te che ti porta a rispettarli, a proteggerli e a desiderare che chiunque abbia la possibilit\u00e0 di conoscerne e apprezzarne la bellezza.<\/p>\n<p style=\"text-align: justify;\">La nostra storia \u00e8 una storia di profumi, di sapori e di emozioni indelebili che ci porta ogni giorno a produrre un vino che \u00e8 <strong>essenza del territorio<\/strong>, un vino frutto di un&#8217;<strong>esperienza artigianale<\/strong> votata al <strong>rispetto dell&#8217;ambiente<\/strong>, alla <strong>genuinit\u00e0<\/strong> e alla <strong>valorizzazione delle tradizioni<\/strong>, per offrirti un vino pregiato, da amatori, dal gusto e dalle note olfattive ineguagliabili.<\/p>\n<p>[\/vc_column_text][vc_separator][\/vc_column][\/vc_row][vc_row][vc_column]<div class=\"aio-icon-component    style_2\"><div id=\"Info-box-wrap-2140\" class=\"aio-icon-box square_box-icon\" style=\"border-style:solid;border-width:1px;background-color:#f4f4f4;\" data-min-height='180px' ><div class=\"aio-icon-square_box\"><div class=\"ult-just-icon-wrapper  \"><div class=\"align-icon\" style=\"text-align:center;\">\n<div class=\"aio-icon-img  uavc-circle \" style=\"font-size:48px;background:#f4f4f4;display:inline-block;\" data-animation=\"fadeIn\" data-animation-delay=\"03\">\n\t<img decoding=\"async\" class=\"img-icon\" alt=\"Casa Vinicola Ferrero Asti - I Nostri valori\" src=\"https:\/\/www.casavinicolaferrero.com\/wp-content\/uploads\/2015\/10\/Bicchiere_di_vino.png\"\/>\n<\/div><\/div><\/div><\/div><div class=\"aio-icon-header\" ><h3 class=\"aio-icon-title ult-responsive\"  data-ultimate-target='#Info-box-wrap-2140 .aio-icon-title'  data-responsive-json-new='{\"font-size\":\"desktop:22px;\",\"line-height\":\"\"}'  style=\"font-weight:bold;color:#be151b;\">produzione artigianale<\/h3><\/div> <!-- header --><div class=\"aio-icon-description ult-responsive\"  data-ultimate-target='#Info-box-wrap-2140 .aio-icon-description'  data-responsive-json-new='{\"font-size\":\"desktop:20px;\",\"line-height\":\"\"}'  style=\"color:#000000;\"><\/p>\n<p style=\"text-align: justify;\"><span style=\"color: #333333;\"><span style=\"font-family: Georgia, 'Times New Roman', 'Bitstream Charter', Times, serif;\"><span style=\"font-size: medium;\">Il nostro vino proviene da terre e vigneti lavorati con un metodo antico, che rispetta il ciclo naturale di vita delle piante e il territorio circostante, preservandone al meglio \u00a0caratteristiche e propriet\u00e0.<\/span><\/span><\/span><\/p>\n<p style=\"text-align: justify;\"><span style=\"color: #333333;\"><span style=\"font-family: Georgia, 'Times New Roman', 'Bitstream Charter', Times, serif;\"><span style=\"font-size: medium;\">La naturalezza e la particolare cura della coltivazione permette alle uve di trarre tutti i benefici offerti dal microclima e dal terroir, arricchendosi di note olfattive e gustative, che vengono esaltate dalla successiva vinificazione, regalando un gusto pieno, genuino, inebriante ad ogni sorso.<\/span><\/span><\/span><\/p>\n<p><\/div> <!-- description --><\/div> <!-- aio-icon-box --><\/div> <!-- aio-icon-component -->[vc_separator][\/vc_column][\/vc_row][vc_row][vc_column]<div class=\"aio-icon-component    style_2\"><div id=\"Info-box-wrap-8493\" class=\"aio-icon-box square_box-icon\" style=\"border-style:solid;border-width:1px;background-color:#f4f4f4;\" data-min-height='180px' ><div class=\"aio-icon-square_box\"><div class=\"ult-just-icon-wrapper  \"><div class=\"align-icon\" style=\"text-align:center;\">\n<div class=\"aio-icon-img  uavc-circle \" style=\"font-size:48px;background:#f4f4f4;display:inline-block;\" data-animation=\"fadeIn\" data-animation-delay=\"03\">\n\t<img decoding=\"async\" class=\"img-icon\" alt=\"Casa Vinicola Ferrero Asti - I Nostri valori\" src=\"https:\/\/www.casavinicolaferrero.com\/wp-content\/uploads\/2015\/10\/Bicchiere_di_vino.png\"\/>\n<\/div><\/div><\/div><\/div><div class=\"aio-icon-header\" ><h3 class=\"aio-icon-title ult-responsive\"  data-ultimate-target='#Info-box-wrap-8493 .aio-icon-title'  data-responsive-json-new='{\"font-size\":\"desktop:22px;\",\"line-height\":\"\"}'  style=\"font-weight:bold;color:#be151b;\">culto della qualit\u00e0<\/h3><\/div> <!-- header --><div class=\"aio-icon-description ult-responsive\"  data-ultimate-target='#Info-box-wrap-8493 .aio-icon-description'  data-responsive-json-new='{\"font-size\":\"desktop:20px;\",\"line-height\":\"\"}'  style=\"color:#000000;\"><\/p>\n<p style=\"text-align: justify;\"><span style=\"color: #333333;\"><span style=\"font-family: Georgia, 'Times New Roman', 'Bitstream Charter', Times, serif;\"><span style=\"font-size: medium;\">Tutti i nostri vini nascono da vigneti accuratamente selezionati e controllati, lavorati artigianalmente secondo principi di coltivazione tramandati di padre in figlio, capaci di esaltare\u00a0<\/span><\/span><\/span><em><span style=\"color: #333333;\"><span style=\"font-family: Georgia, 'Times New Roman', 'Bitstream Charter', Times, serif;\"><span style=\"font-size: medium;\">naturalmente<\/span><\/span><\/span><\/em><span style=\"color: #333333;\"><span style=\"font-family: Georgia, 'Times New Roman', 'Bitstream Charter', Times, serif;\"><span style=\"font-size: medium;\">\u00a0gli aromi e i sapori delle uve.<\/span><\/span><\/span><\/p>\n<p style=\"text-align: justify;\"><span style=\"color: #333333;\"><span style=\"font-family: Georgia, 'Times New Roman', 'Bitstream Charter', Times, serif;\"><span style=\"font-size: medium;\">La produzione \u00e8 naturalmente limitata dalla quantit\u00e0 di frutti che le nostre terre possono produrre, cos\u00ec da non privare il terreno delle componenti\u00a0necessarie a garantire la crescita sana delle coltivazioni successive.<\/span><\/span><\/span><\/p>\n<p style=\"text-align: justify;\"><span style=\"color: #333333;\"><span style=\"font-family: Georgia, 'Times New Roman', 'Bitstream Charter', Times, serif;\"><span style=\"font-size: medium;\">Questo ci permette\u00a0di avere una\u00a0<\/span><\/span><\/span><em><span style=\"color: #333333;\"><span style=\"font-family: Georgia, 'Times New Roman', 'Bitstream Charter', Times, serif;\"><span style=\"font-size: medium;\">completa tracciabilit\u00e0 del prodotto<\/span><\/span><\/span><\/em><span style=\"color: #333333;\"><span style=\"font-family: Georgia, 'Times New Roman', 'Bitstream Charter', Times, serif;\"><span style=\"font-size: medium;\">, dalla vigna al confezionamento, cos\u00ec da offrirti\u00a0una qualit\u00e0 sempre elevata e costante.<\/span><\/span><\/span><\/p>\n<p><\/div> <!-- description --><\/div> <!-- aio-icon-box --><\/div> <!-- aio-icon-component -->[vc_separator][\/vc_column][\/vc_row][vc_row][vc_column]<div class=\"aio-icon-component    style_2\"><div id=\"Info-box-wrap-6169\" class=\"aio-icon-box square_box-icon\" style=\"border-style:solid;border-width:1px;background-color:#f4f4f4;\" data-min-height='180px' ><div class=\"aio-icon-square_box\"><div class=\"ult-just-icon-wrapper  \"><div class=\"align-icon\" style=\"text-align:center;\">\n<div class=\"aio-icon-img  uavc-circle \" style=\"font-size:48px;background:#f4f4f4;display:inline-block;\" data-animation=\"fadeIn\" data-animation-delay=\"03\">\n\t<img decoding=\"async\" class=\"img-icon\" alt=\"Casa Vinicola Ferrero Asti - I Nostri valori\" src=\"https:\/\/www.casavinicolaferrero.com\/wp-content\/uploads\/2015\/10\/Bicchiere_di_vino.png\"\/>\n<\/div><\/div><\/div><\/div><div class=\"aio-icon-header\" ><h3 class=\"aio-icon-title ult-responsive\"  data-ultimate-target='#Info-box-wrap-6169 .aio-icon-title'  data-responsive-json-new='{\"font-size\":\"desktop:22px;\",\"line-height\":\"\"}'  style=\"font-weight:bold;color:#be151b;\">rispetto dell'ambiente<\/h3><\/div> <!-- header --><div class=\"aio-icon-description ult-responsive\"  data-ultimate-target='#Info-box-wrap-6169 .aio-icon-description'  data-responsive-json-new='{\"font-size\":\"desktop:20px;\",\"line-height\":\"\"}'  style=\"color:#000000;\"><\/p>\n<p style=\"text-align: justify;\"><span style=\"color: #333333;\"><span style=\"font-family: Georgia, 'Times New Roman', 'Bitstream Charter', Times, serif;\"><span style=\"font-size: medium;\">Un buon vino nasce da una buona terra.<\/span><\/span><\/span><\/p>\n<p style=\"text-align: justify;\"><span style=\"color: #333333;\"><span style=\"font-family: Georgia, 'Times New Roman', 'Bitstream Charter', Times, serif;\"><span style=\"font-size: medium;\">E una buona terra, per rimanere tale, ha bisogno di rispetto.<\/span><\/span><\/span><\/p>\n<p style=\"text-align: justify;\"><span style=\"color: #333333;\"><span style=\"font-family: Georgia, 'Times New Roman', 'Bitstream Charter', Times, serif;\"><span style=\"font-size: medium;\">Pensiamo che la qualit\u00e0 dei nostri vini nasca prima di tutto nella vigna, e che possa essere valorizzata soltanto salvaguardone le propriet\u00e0 in ogni fase della lavorazione e minimizzando il pi\u00f9 possibile l&#8217;impatto sul territorio delle colture.<\/span><\/span><\/span><\/p>\n<p style=\"text-align: justify;\"><span style=\"color: #333333;\"><span style=\"font-family: Georgia, 'Times New Roman', 'Bitstream Charter', Times, serif;\"><span style=\"font-size: medium;\">Nella selezione dei vigneti da cui discender\u00e0 il nostro vino, dedichiamo pertanto una particolare attenzione ai metodi di coltivazione utilizzati e al rispetto dell&#8217;ambiente, cos\u00ec da offrirti un prodotto <em>dalla qualit\u00e0 ineguagliabile ed eticamente responsabile<\/em>.<\/span><\/span><\/span><\/p>\n<p><\/div> <!-- description --><\/div> <!-- aio-icon-box --><\/div> <!-- aio-icon-component -->[vc_separator][\/vc_column][\/vc_row]<\/p>\n","protected":false},"excerpt":{"rendered":"<p>[vc_row][vc_column][vc_column_text] Quando hai il privilegio di vivere in un territorio meraviglioso, e di assapornarne i&#8230;<\/p>\n","protected":false},"author":8,"featured_media":0,"parent":198,"menu_order":0,"comment_status":"closed","ping_status":"closed","template":"","meta":{"footnotes":""},"class_list":["post-189","page","type-page","status-publish","hentry"],"_links":{"self":[{"href":"https:\/\/www.casavinicolaferrero.com\/it\/wp-json\/wp\/v2\/pages\/189","targetHints":{"allow":["GET"]}}],"collection":[{"href":"https:\/\/www.casavinicolaferrero.com\/it\/wp-json\/wp\/v2\/pages"}],"about":[{"href":"https:\/\/www.casavinicolaferrero.com\/it\/wp-json\/wp\/v2\/types\/page"}],"author":[{"embeddable":true,"href":"https:\/\/www.casavinicolaferrero.com\/it\/wp-json\/wp\/v2\/users\/8"}],"replies":[{"embeddable":true,"href":"https:\/\/www.casavinicolaferrero.com\/it\/wp-json\/wp\/v2\/comments?post=189"}],"version-history":[{"count":15,"href":"https:\/\/www.casavinicolaferrero.com\/it\/wp-json\/wp\/v2\/pages\/189\/revisions"}],"predecessor-version":[{"id":857,"href":"https:\/\/www.casavinicolaferrero.com\/it\/wp-json\/wp\/v2\/pages\/189\/revisions\/857"}],"up":[{"embeddable":true,"href":"https:\/\/www.casavinicolaferrero.com\/it\/wp-json\/wp\/v2\/pages\/198"}],"wp:attachment":[{"href":"https:\/\/www.casavinicolaferrero.com\/it\/wp-json\/wp\/v2\/media?parent=189"}],"curies":[{"name":"wp","href":"https:\/\/api.w.org\/{rel}","templated":true}]}}