{"id":589,"date":"2015-11-25T17:15:02","date_gmt":"2015-11-25T16:15:02","guid":{"rendered":"https:\/\/www.casavinicolaferrero.com\/?page_id=589&#038;lang=it"},"modified":"2018-10-13T15:47:13","modified_gmt":"2018-10-13T13:47:13","slug":"linee-di-imbottigliamento","status":"publish","type":"page","link":"https:\/\/www.casavinicolaferrero.com\/it\/chi-siamo\/linee-di-imbottigliamento\/","title":{"rendered":"Linee di Imbottigliamento"},"content":{"rendered":"<p>[vc_row][vc_column][vc_column_text]<\/p>\n<p style=\"text-align: justify;\">La qualit\u00e0 di un vino nasce nella vigna, viene valorizzata durante la lavorazione e si preserva con l&#8217;imbottigliamento.<\/p>\n<p style=\"text-align: justify;\">L&#8217;imbottigliamento del vino \u00e8 pertanto una fase delicata a cui prestare una particolare cura, perch\u00e8 e da questa che discender\u00e0 la capacit\u00e0 o meno del vino di conservare completamente la sua qualit\u00e0 e il suo sapore fino al momento della degustazione.<span style=\"color: #666666;\"><span style=\"font-family: Arial, Helvetica, sans-serif;\"><span style=\"font-size: medium;\">\u00a0<\/span><\/span><\/span><\/p>\n<hr \/>\n<p style=\"text-align: justify;\">Per garantire soltanto prodotti d&#8217;eccellenza, al metodo artigianale di lavorazione dell&#8217;uva si affiancano moderne linee di imbottigliamento, la cui efficienza tecnologica assicura un ciclo di lavorazione dalle altissime prestazioni,\u00a0in condizioni di massima igienicit\u00e0, assicurando il rispetto delle normative in tema di rispetto ambientale e di sicurezza del personale dedicato.<\/p>\n<p>[\/vc_column_text][vc_separator][\/vc_column][\/vc_row][vc_row][vc_column width=&#8221;1\/6&#8243;][\/vc_column][vc_column width=&#8221;2\/3&#8243;][vc_video popup=&#8221;yes&#8221; link=&#8221;https:\/\/www.youtube.com\/watch?v=yt9ldtC8Auw&#8221; img=&#8221;832&#8243; img_size=&#8221;full&#8221;][\/vc_column][vc_column width=&#8221;1\/6&#8243;][\/vc_column][\/vc_row][vc_row][vc_column][vc_separator][\/vc_column][\/vc_row]<\/p>\n","protected":false},"excerpt":{"rendered":"<p>[vc_row][vc_column][vc_column_text] La qualit\u00e0 di un vino nasce nella vigna, viene valorizzata durante la lavorazione e&#8230;<\/p>\n","protected":false},"author":8,"featured_media":0,"parent":198,"menu_order":0,"comment_status":"closed","ping_status":"closed","template":"","meta":{"footnotes":""},"class_list":["post-589","page","type-page","status-publish","hentry"],"_links":{"self":[{"href":"https:\/\/www.casavinicolaferrero.com\/it\/wp-json\/wp\/v2\/pages\/589","targetHints":{"allow":["GET"]}}],"collection":[{"href":"https:\/\/www.casavinicolaferrero.com\/it\/wp-json\/wp\/v2\/pages"}],"about":[{"href":"https:\/\/www.casavinicolaferrero.com\/it\/wp-json\/wp\/v2\/types\/page"}],"author":[{"embeddable":true,"href":"https:\/\/www.casavinicolaferrero.com\/it\/wp-json\/wp\/v2\/users\/8"}],"replies":[{"embeddable":true,"href":"https:\/\/www.casavinicolaferrero.com\/it\/wp-json\/wp\/v2\/comments?post=589"}],"version-history":[{"count":12,"href":"https:\/\/www.casavinicolaferrero.com\/it\/wp-json\/wp\/v2\/pages\/589\/revisions"}],"predecessor-version":[{"id":860,"href":"https:\/\/www.casavinicolaferrero.com\/it\/wp-json\/wp\/v2\/pages\/589\/revisions\/860"}],"up":[{"embeddable":true,"href":"https:\/\/www.casavinicolaferrero.com\/it\/wp-json\/wp\/v2\/pages\/198"}],"wp:attachment":[{"href":"https:\/\/www.casavinicolaferrero.com\/it\/wp-json\/wp\/v2\/media?parent=589"}],"curies":[{"name":"wp","href":"https:\/\/api.w.org\/{rel}","templated":true}]}}